{"id":7437,"date":"2023-04-15T07:10:28","date_gmt":"2023-04-15T12:10:28","guid":{"rendered":"http:\/\/143.244.186.92\/?page_id=7437"},"modified":"2025-10-07T11:53:02","modified_gmt":"2025-10-07T16:53:02","slug":"cursos","status":"publish","type":"page","link":"https:\/\/cippuno.org.pe\/web\/cursos\/","title":{"rendered":"Cursos"},"content":{"rendered":"\t\t<div data-elementor-type=\"wp-page\" data-elementor-id=\"7437\" class=\"elementor elementor-7437\">\n\t\t\t\t\t\t\t\t\t<section data-particle_enable=\"false\" data-particle-mobile-disabled=\"false\" class=\"elementor-section elementor-top-section elementor-element elementor-element-f03612e elementor-section-full_width elementor-section-height-default elementor-section-height-default\" data-id=\"f03612e\" data-element_type=\"section\" data-settings=\"{&quot;ekit_has_onepagescroll_dot&quot;:&quot;yes&quot;}\">\n\t\t\t\t\t\t<div class=\"elementor-container elementor-column-gap-no\">\n\t\t\t\t\t<div class=\"elementor-column elementor-col-100 elementor-top-column elementor-element elementor-element-dd761fb\" data-id=\"dd761fb\" data-element_type=\"column\">\n\t\t\t<div class=\"elementor-widget-wrap elementor-element-populated\">\n\t\t\t\t\t\t\t\t<div class=\"elementor-element elementor-element-dad2f7d elementor--h-position-center elementor--v-position-middle elementor-widget elementor-widget-slides\" data-id=\"dad2f7d\" data-element_type=\"widget\" data-settings=\"{&quot;navigation&quot;:&quot;none&quot;,&quot;autoplay&quot;:&quot;yes&quot;,&quot;autoplay_speed&quot;:5000,&quot;transition&quot;:&quot;slide&quot;,&quot;transition_speed&quot;:500,&quot;ekit_we_effect_on&quot;:&quot;none&quot;}\" data-widget_type=\"slides.default\">\n\t\t\t\t<div class=\"elementor-widget-container\">\n\t\t\t<style>\/*! elementor-pro - v3.11.4 - 07-03-2023 *\/\n.elementor-slides .swiper-slide-bg{background-size:cover;background-position:50%;background-repeat:no-repeat;min-width:100%;min-height:100%}.elementor-slides .swiper-slide-inner{background-repeat:no-repeat;background-position:50%;position:absolute;top:0;left:0;bottom:0;right:0;padding:50px;margin:auto}.elementor-slides .swiper-slide-inner,.elementor-slides .swiper-slide-inner:hover{color:#fff;display:flex}.elementor-slides .swiper-slide-inner .elementor-background-overlay{position:absolute;z-index:0;top:0;bottom:0;left:0;right:0}.elementor-slides .swiper-slide-inner .elementor-slide-content{position:relative;z-index:1;width:100%}.elementor-slides .swiper-slide-inner .elementor-slide-heading{font-size:35px;font-weight:700;line-height:1}.elementor-slides .swiper-slide-inner .elementor-slide-description{font-size:17px;line-height:1.4}.elementor-slides .swiper-slide-inner .elementor-slide-description:not(:last-child),.elementor-slides .swiper-slide-inner .elementor-slide-heading:not(:last-child){margin-bottom:30px}.elementor-slides .swiper-slide-inner .elementor-slide-button{border:2px solid #fff;color:#fff;background:transparent;display:inline-block}.elementor-slides .swiper-slide-inner .elementor-slide-button,.elementor-slides .swiper-slide-inner .elementor-slide-button:hover{background:transparent;color:inherit;text-decoration:none}.elementor--v-position-top .swiper-slide-inner{align-items:flex-start}.elementor--v-position-bottom .swiper-slide-inner{align-items:flex-end}.elementor--v-position-middle .swiper-slide-inner{align-items:center}.elementor--h-position-left .swiper-slide-inner{justify-content:flex-start}.elementor--h-position-right .swiper-slide-inner{justify-content:flex-end}.elementor--h-position-center .swiper-slide-inner{justify-content:center}body.rtl .elementor-widget-slides .elementor-swiper-button-next{left:10px;right:auto}body.rtl .elementor-widget-slides .elementor-swiper-button-prev{right:10px;left:auto}.elementor-slides-wrapper div:not(.swiper-slide)>.swiper-slide-inner{display:none}@media (max-width:767px){.elementor-slides .swiper-slide-inner{padding:30px}.elementor-slides .swiper-slide-inner .elementor-slide-heading{font-size:23px;line-height:1;margin-bottom:15px}.elementor-slides .swiper-slide-inner .elementor-slide-description{font-size:13px;line-height:1.4;margin-bottom:15px}}<\/style>\t\t<div class=\"elementor-swiper\">\n\t\t\t<div class=\"elementor-slides-wrapper elementor-main-swiper swiper\" dir=\"ltr\" data-animation=\"fadeInUp\">\n\t\t\t\t<div class=\"swiper-wrapper elementor-slides\">\n\t\t\t\t\t\t\t\t\t\t<div class=\"elementor-repeater-item-ceed743 swiper-slide\"><div class=\"swiper-slide-bg elementor-ken-burns elementor-ken-burns--in\"><\/div><div class=\"elementor-background-overlay\"><\/div><div class=\"swiper-slide-inner\" ><div class=\"swiper-slide-contents\"><div class=\"elementor-slide-heading\">CURSOS CIP<\/div><\/div><\/div><\/div>\t\t\t\t<\/div>\n\t\t\t\t\t\t\t<\/div>\n\t\t<\/div>\n\t\t\t\t<\/div>\n\t\t\t\t<\/div>\n\t\t\t\t\t<\/div>\n\t\t<\/div>\n\t\t\t\t\t\t\t<\/div>\n\t\t<\/section>\n\t\t\t\t<section data-particle_enable=\"false\" data-particle-mobile-disabled=\"false\" class=\"elementor-section elementor-top-section elementor-element elementor-element-d11bfc6 elementor-section-full_width elementor-section-height-min-height elementor-section-height-default elementor-section-items-middle\" data-id=\"d11bfc6\" data-element_type=\"section\" data-settings=\"{&quot;background_background&quot;:&quot;classic&quot;,&quot;ekit_has_onepagescroll_dot&quot;:&quot;yes&quot;}\">\n\t\t\t\t\t\t<div class=\"elementor-container elementor-column-gap-no\">\n\t\t\t\t\t<div class=\"elementor-column elementor-col-100 elementor-top-column elementor-element elementor-element-3c4f8f0\" data-id=\"3c4f8f0\" data-element_type=\"column\">\n\t\t\t<div class=\"elementor-widget-wrap elementor-element-populated\">\n\t\t\t\t\t\t\t\t<div class=\"elementor-element elementor-element-153496b elementor-posts--align-center elementor-widget__width-initial elementor-grid-3 elementor-grid-tablet-2 elementor-grid-mobile-1 elementor-posts--thumbnail-top elementor-card-shadow-yes elementor-posts__hover-gradient load-more-align-center elementor-widget elementor-widget-posts\" data-id=\"153496b\" data-element_type=\"widget\" data-settings=\"{&quot;pagination_type&quot;:&quot;load_more_on_click&quot;,&quot;cards_columns&quot;:&quot;3&quot;,&quot;cards_columns_tablet&quot;:&quot;2&quot;,&quot;cards_columns_mobile&quot;:&quot;1&quot;,&quot;cards_row_gap&quot;:{&quot;unit&quot;:&quot;px&quot;,&quot;size&quot;:35,&quot;sizes&quot;:[]},&quot;cards_row_gap_tablet&quot;:{&quot;unit&quot;:&quot;px&quot;,&quot;size&quot;:&quot;&quot;,&quot;sizes&quot;:[]},&quot;cards_row_gap_mobile&quot;:{&quot;unit&quot;:&quot;px&quot;,&quot;size&quot;:&quot;&quot;,&quot;sizes&quot;:[]},&quot;load_more_spinner&quot;:{&quot;value&quot;:&quot;fas fa-spinner&quot;,&quot;library&quot;:&quot;fa-solid&quot;},&quot;ekit_we_effect_on&quot;:&quot;none&quot;}\" data-widget_type=\"posts.cards\">\n\t\t\t\t<div class=\"elementor-widget-container\">\n\t\t\t<link rel=\"stylesheet\" href=\"https:\/\/cippuno.org.pe\/web\/wp-content\/plugins\/elementor-pro\/assets\/css\/widget-posts.min.css\">\t\t<div class=\"elementor-posts-container elementor-posts elementor-posts--skin-cards elementor-grid\">\n\t\t\t\t<article class=\"elementor-post elementor-grid-item post-14468 post type-post status-publish format-standard has-post-thumbnail hentry category-cursos\">\n\t\t\t<div class=\"elementor-post__card\">\n\t\t\t\t<a class=\"elementor-post__thumbnail__link\" href=\"https:\/\/cippuno.org.pe\/web\/rol-del-ingeniero-ambiental-en-la-salud-publica-y-la-salud-ambiental\/\" target=\"_blank\"><div class=\"elementor-post__thumbnail\"><img loading=\"lazy\" decoding=\"async\" width=\"300\" height=\"300\" src=\"https:\/\/cippuno.org.pe\/web\/wp-content\/uploads\/2026\/02\/2026-1-300x300.jpg\" class=\"attachment-medium size-medium wp-image-14469\" alt=\"\" srcset=\"https:\/\/cippuno.org.pe\/web\/wp-content\/uploads\/2026\/02\/2026-1-300x300.jpg 300w, https:\/\/cippuno.org.pe\/web\/wp-content\/uploads\/2026\/02\/2026-1-1024x1024.jpg 1024w, https:\/\/cippuno.org.pe\/web\/wp-content\/uploads\/2026\/02\/2026-1-150x150.jpg 150w, https:\/\/cippuno.org.pe\/web\/wp-content\/uploads\/2026\/02\/2026-1-768x768.jpg 768w, https:\/\/cippuno.org.pe\/web\/wp-content\/uploads\/2026\/02\/2026-1.jpg 1527w\" sizes=\"auto, (max-width: 300px) 100vw, 300px\" \/><\/div><\/a>\n\t\t\t\t<div class=\"elementor-post__text\">\n\t\t\t\t<span class=\"elementor-post__title\">\n\t\t\t<a href=\"https:\/\/cippuno.org.pe\/web\/rol-del-ingeniero-ambiental-en-la-salud-publica-y-la-salud-ambiental\/\" target=&quot;_blank&quot;>\n\t\t\t\tROL DEL INGENIERO AMBIENTAL EN LA SALUD P\u00daBLICA Y LA SALUD AMBIENTAL\t\t\t<\/a>\n\t\t<\/span>\n\t\t\t\t<\/div>\n\t\t\t\t<div class=\"elementor-post__meta-data\">\n\t\t\t\t\t<span class=\"elementor-post-date\">\n\t\t\t19\/02\/2026\t\t<\/span>\n\t\t\t\t<\/div>\n\t\t\t\t\t<\/div>\n\t\t<\/article>\n\t\t\t\t<article class=\"elementor-post elementor-grid-item post-13789 post type-post status-publish format-standard has-post-thumbnail hentry category-cursos\">\n\t\t\t<div class=\"elementor-post__card\">\n\t\t\t\t<a class=\"elementor-post__thumbnail__link\" href=\"https:\/\/cippuno.org.pe\/web\/capacitacion-profesional-gestion-de-seguridad-y-salud-ocupacional-en-obra-y-medio-ambiente-ssoma\/\" target=\"_blank\"><div class=\"elementor-post__thumbnail\"><img loading=\"lazy\" decoding=\"async\" width=\"300\" height=\"300\" src=\"https:\/\/cippuno.org.pe\/web\/wp-content\/uploads\/2025\/11\/580213928_1201918981798241_1543142159413117847_n-300x300.jpg\" class=\"attachment-medium size-medium wp-image-13790\" alt=\"\" srcset=\"https:\/\/cippuno.org.pe\/web\/wp-content\/uploads\/2025\/11\/580213928_1201918981798241_1543142159413117847_n-300x300.jpg 300w, https:\/\/cippuno.org.pe\/web\/wp-content\/uploads\/2025\/11\/580213928_1201918981798241_1543142159413117847_n-1024x1024.jpg 1024w, https:\/\/cippuno.org.pe\/web\/wp-content\/uploads\/2025\/11\/580213928_1201918981798241_1543142159413117847_n-150x150.jpg 150w, https:\/\/cippuno.org.pe\/web\/wp-content\/uploads\/2025\/11\/580213928_1201918981798241_1543142159413117847_n-768x768.jpg 768w, https:\/\/cippuno.org.pe\/web\/wp-content\/uploads\/2025\/11\/580213928_1201918981798241_1543142159413117847_n-1536x1536.jpg 1536w, https:\/\/cippuno.org.pe\/web\/wp-content\/uploads\/2025\/11\/580213928_1201918981798241_1543142159413117847_n.jpg 1600w\" sizes=\"auto, (max-width: 300px) 100vw, 300px\" \/><\/div><\/a>\n\t\t\t\t<div class=\"elementor-post__text\">\n\t\t\t\t<span class=\"elementor-post__title\">\n\t\t\t<a href=\"https:\/\/cippuno.org.pe\/web\/capacitacion-profesional-gestion-de-seguridad-y-salud-ocupacional-en-obra-y-medio-ambiente-ssoma\/\" target=&quot;_blank&quot;>\n\t\t\t\tCAPACITACI\u00d3N PROFESIONAL | GESTI\u00d3N DE SEGURIDAD Y SALUD OCUPACIONAL EN OBRA Y MEDIO AMBIENTE (SSOMA)\t\t\t<\/a>\n\t\t<\/span>\n\t\t\t\t<\/div>\n\t\t\t\t<div class=\"elementor-post__meta-data\">\n\t\t\t\t\t<span class=\"elementor-post-date\">\n\t\t\t12\/11\/2025\t\t<\/span>\n\t\t\t\t<\/div>\n\t\t\t\t\t<\/div>\n\t\t<\/article>\n\t\t\t\t<article class=\"elementor-post elementor-grid-item post-12714 post type-post status-publish format-standard has-post-thumbnail hentry category-cursos\">\n\t\t\t<div class=\"elementor-post__card\">\n\t\t\t\t<a class=\"elementor-post__thumbnail__link\" href=\"https:\/\/cippuno.org.pe\/web\/curso-liderazgo-gestion\/\" target=\"_blank\"><div class=\"elementor-post__thumbnail\"><img loading=\"lazy\" decoding=\"async\" width=\"300\" height=\"300\" src=\"https:\/\/cippuno.org.pe\/web\/wp-content\/uploads\/2025\/10\/curso-liderazgo-y-gestion-300x300.jpg\" class=\"attachment-medium size-medium wp-image-12715\" alt=\"\" srcset=\"https:\/\/cippuno.org.pe\/web\/wp-content\/uploads\/2025\/10\/curso-liderazgo-y-gestion-300x300.jpg 300w, https:\/\/cippuno.org.pe\/web\/wp-content\/uploads\/2025\/10\/curso-liderazgo-y-gestion-1024x1024.jpg 1024w, https:\/\/cippuno.org.pe\/web\/wp-content\/uploads\/2025\/10\/curso-liderazgo-y-gestion-150x150.jpg 150w, https:\/\/cippuno.org.pe\/web\/wp-content\/uploads\/2025\/10\/curso-liderazgo-y-gestion-768x768.jpg 768w, https:\/\/cippuno.org.pe\/web\/wp-content\/uploads\/2025\/10\/curso-liderazgo-y-gestion.jpg 1080w\" sizes=\"auto, (max-width: 300px) 100vw, 300px\" \/><\/div><\/a>\n\t\t\t\t<div class=\"elementor-post__text\">\n\t\t\t\t<span class=\"elementor-post__title\">\n\t\t\t<a href=\"https:\/\/cippuno.org.pe\/web\/curso-liderazgo-gestion\/\" target=&quot;_blank&quot;>\n\t\t\t\tLIDERAZGO Y GESTI\u00d3N DE EQUIPOS EN INSTITUCIONES P\u00daBLICAS O PRIVADAS\t\t\t<\/a>\n\t\t<\/span>\n\t\t\t\t<\/div>\n\t\t\t\t<div class=\"elementor-post__meta-data\">\n\t\t\t\t\t<span class=\"elementor-post-date\">\n\t\t\t06\/10\/2025\t\t<\/span>\n\t\t\t\t<\/div>\n\t\t\t\t\t<\/div>\n\t\t<\/article>\n\t\t\t\t<article class=\"elementor-post elementor-grid-item post-12752 post type-post status-publish format-standard has-post-thumbnail hentry category-cursos\">\n\t\t\t<div class=\"elementor-post__card\">\n\t\t\t\t<a class=\"elementor-post__thumbnail__link\" href=\"https:\/\/cippuno.org.pe\/web\/curso-de-especializacion-en-produccion-de-hortalizas-organicas-en-invernaderos-y-fitotoldos\/\" target=\"_blank\"><div class=\"elementor-post__thumbnail\"><img loading=\"lazy\" decoding=\"async\" width=\"300\" height=\"300\" src=\"https:\/\/cippuno.org.pe\/web\/wp-content\/uploads\/2025\/10\/curso-hortalizas-300x300.jpg\" class=\"attachment-medium size-medium wp-image-12754\" alt=\"\" srcset=\"https:\/\/cippuno.org.pe\/web\/wp-content\/uploads\/2025\/10\/curso-hortalizas-300x300.jpg 300w, https:\/\/cippuno.org.pe\/web\/wp-content\/uploads\/2025\/10\/curso-hortalizas-1024x1024.jpg 1024w, https:\/\/cippuno.org.pe\/web\/wp-content\/uploads\/2025\/10\/curso-hortalizas-150x150.jpg 150w, https:\/\/cippuno.org.pe\/web\/wp-content\/uploads\/2025\/10\/curso-hortalizas-768x768.jpg 768w, https:\/\/cippuno.org.pe\/web\/wp-content\/uploads\/2025\/10\/curso-hortalizas-1536x1536.jpg 1536w, https:\/\/cippuno.org.pe\/web\/wp-content\/uploads\/2025\/10\/curso-hortalizas.jpg 1600w\" sizes=\"auto, (max-width: 300px) 100vw, 300px\" \/><\/div><\/a>\n\t\t\t\t<div class=\"elementor-post__text\">\n\t\t\t\t<span class=\"elementor-post__title\">\n\t\t\t<a href=\"https:\/\/cippuno.org.pe\/web\/curso-de-especializacion-en-produccion-de-hortalizas-organicas-en-invernaderos-y-fitotoldos\/\" target=&quot;_blank&quot;>\n\t\t\t\tEspecializaci\u00f3n en Producci\u00f3n de Hortalizas Org\u00e1nicas en Invernaderos y Fitotoldos\t\t\t<\/a>\n\t\t<\/span>\n\t\t\t\t<\/div>\n\t\t\t\t<div class=\"elementor-post__meta-data\">\n\t\t\t\t\t<span class=\"elementor-post-date\">\n\t\t\t27\/09\/2025\t\t<\/span>\n\t\t\t\t<\/div>\n\t\t\t\t\t<\/div>\n\t\t<\/article>\n\t\t\t\t<article class=\"elementor-post elementor-grid-item post-12834 post type-post status-publish format-standard has-post-thumbnail hentry category-cursos\">\n\t\t\t<div class=\"elementor-post__card\">\n\t\t\t\t<a class=\"elementor-post__thumbnail__link\" href=\"https:\/\/cippuno.org.pe\/web\/primer-simposio-de-ingenieria-textil-y-de-confecciones\/\" target=\"_blank\"><div class=\"elementor-post__thumbnail\"><img loading=\"lazy\" decoding=\"async\" width=\"275\" height=\"300\" src=\"https:\/\/cippuno.org.pe\/web\/wp-content\/uploads\/2025\/10\/simposio-textil-general-275x300.jpg\" class=\"attachment-medium size-medium wp-image-12839\" alt=\"\" srcset=\"https:\/\/cippuno.org.pe\/web\/wp-content\/uploads\/2025\/10\/simposio-textil-general-275x300.jpg 275w, https:\/\/cippuno.org.pe\/web\/wp-content\/uploads\/2025\/10\/simposio-textil-general-940x1024.jpg 940w, https:\/\/cippuno.org.pe\/web\/wp-content\/uploads\/2025\/10\/simposio-textil-general-768x837.jpg 768w, https:\/\/cippuno.org.pe\/web\/wp-content\/uploads\/2025\/10\/simposio-textil-general-1409x1536.jpg 1409w, https:\/\/cippuno.org.pe\/web\/wp-content\/uploads\/2025\/10\/simposio-textil-general.jpg 1468w\" sizes=\"auto, (max-width: 275px) 100vw, 275px\" \/><\/div><\/a>\n\t\t\t\t<div class=\"elementor-post__text\">\n\t\t\t\t<span class=\"elementor-post__title\">\n\t\t\t<a href=\"https:\/\/cippuno.org.pe\/web\/primer-simposio-de-ingenieria-textil-y-de-confecciones\/\" target=&quot;_blank&quot;>\n\t\t\t\tPRIMER SIMPOSIO DE INGENIERIA TEXTIL Y DE CONFECCIONES\t\t\t<\/a>\n\t\t<\/span>\n\t\t\t\t<\/div>\n\t\t\t\t<div class=\"elementor-post__meta-data\">\n\t\t\t\t\t<span class=\"elementor-post-date\">\n\t\t\t27\/09\/2025\t\t<\/span>\n\t\t\t\t<\/div>\n\t\t\t\t\t<\/div>\n\t\t<\/article>\n\t\t\t\t<article class=\"elementor-post elementor-grid-item post-12816 post type-post status-publish format-standard has-post-thumbnail hentry category-cursos\">\n\t\t\t<div class=\"elementor-post__card\">\n\t\t\t\t<a class=\"elementor-post__thumbnail__link\" href=\"https:\/\/cippuno.org.pe\/web\/curso-taller-internacional\/\" target=\"_blank\"><div class=\"elementor-post__thumbnail\"><img loading=\"lazy\" decoding=\"async\" width=\"213\" height=\"300\" src=\"https:\/\/cippuno.org.pe\/web\/wp-content\/uploads\/2025\/10\/implementacion-de-sistemas-bpm-poesy-haccp-1-213x300.jpg\" class=\"attachment-medium size-medium wp-image-12829\" alt=\"\" srcset=\"https:\/\/cippuno.org.pe\/web\/wp-content\/uploads\/2025\/10\/implementacion-de-sistemas-bpm-poesy-haccp-1-213x300.jpg 213w, https:\/\/cippuno.org.pe\/web\/wp-content\/uploads\/2025\/10\/implementacion-de-sistemas-bpm-poesy-haccp-1.jpg 629w\" sizes=\"auto, (max-width: 213px) 100vw, 213px\" \/><\/div><\/a>\n\t\t\t\t<div class=\"elementor-post__text\">\n\t\t\t\t<span class=\"elementor-post__title\">\n\t\t\t<a href=\"https:\/\/cippuno.org.pe\/web\/curso-taller-internacional\/\" target=&quot;_blank&quot;>\n\t\t\t\tCURSO \u2013 TALLER Implementacion de los Sistemas BPM, POES y HACCP\t\t\t<\/a>\n\t\t<\/span>\n\t\t\t\t<\/div>\n\t\t\t\t<div class=\"elementor-post__meta-data\">\n\t\t\t\t\t<span class=\"elementor-post-date\">\n\t\t\t24\/09\/2025\t\t<\/span>\n\t\t\t\t<\/div>\n\t\t\t\t\t<\/div>\n\t\t<\/article>\n\t\t\t\t<\/div>\n\t\t\t\t\t<span class=\"e-load-more-spinner\">\n\t\t\t\t<i aria-hidden=\"true\" class=\"fas fa-spinner\"><\/i>\t\t\t<\/span>\n\t\t\n\t\t\t\t<\/div>\n\t\t\t\t<\/div>\n\t\t\t\t\t<\/div>\n\t\t<\/div>\n\t\t\t\t\t\t\t<\/div>\n\t\t<\/section>\n\t\t\t\t\t\t\t<\/div>\n\t\t","protected":false},"excerpt":{"rendered":"<p>CURSOS CIP<\/p>\n","protected":false},"author":1,"featured_media":0,"parent":0,"menu_order":0,"comment_status":"closed","ping_status":"closed","template":"template-fullwidth.php","meta":{"_uag_custom_page_level_css":"","footnotes":""},"class_list":["post-7437","page","type-page","status-publish","hentry"],"uagb_featured_image_src":{"full":false,"thumbnail":false,"medium":false,"medium_large":false,"large":false,"thumblist":false,"meccarouselthumb":false,"gridsquare":false,"tileview":false,"1536x1536":false,"2048x2048":false},"uagb_author_info":{"display_name":"admin","author_link":"https:\/\/cippuno.org.pe\/web\/author\/admin\/"},"uagb_comment_info":0,"uagb_excerpt":"CURSOS CIP","meta_box":{"body_padding_enable":"0","padding_for_body":"","padding_for_body_mb":"","page_header_padding_enable":"0","padding_for_page_header":"","padding_for_page_header_mb":"","custom_header":"0","header_settings_meta":"","custom_sticky_enable":"0","custom_sticky_header":"0","header_sticky_settings_meta":"","custom_footer":"0","footer_settings_meta":"","custom_footer_sticky":"0","custom_layout":"0","layout":"","preloader_custom_enable":"0","preloader_bgcolor":"","preloader_image":[],"page_header_enable_disable":"0","page_header_title":"","page_header_bgcolor":"","page_header_bgimage":[],"text_color_blog":""},"_links":{"self":[{"href":"https:\/\/cippuno.org.pe\/web\/wp-json\/wp\/v2\/pages\/7437","targetHints":{"allow":["GET"]}}],"collection":[{"href":"https:\/\/cippuno.org.pe\/web\/wp-json\/wp\/v2\/pages"}],"about":[{"href":"https:\/\/cippuno.org.pe\/web\/wp-json\/wp\/v2\/types\/page"}],"author":[{"embeddable":true,"href":"https:\/\/cippuno.org.pe\/web\/wp-json\/wp\/v2\/users\/1"}],"replies":[{"embeddable":true,"href":"https:\/\/cippuno.org.pe\/web\/wp-json\/wp\/v2\/comments?post=7437"}],"version-history":[{"count":49,"href":"https:\/\/cippuno.org.pe\/web\/wp-json\/wp\/v2\/pages\/7437\/revisions"}],"predecessor-version":[{"id":12911,"href":"https:\/\/cippuno.org.pe\/web\/wp-json\/wp\/v2\/pages\/7437\/revisions\/12911"}],"wp:attachment":[{"href":"https:\/\/cippuno.org.pe\/web\/wp-json\/wp\/v2\/media?parent=7437"}],"curies":[{"name":"wp","href":"https:\/\/api.w.org\/{rel}","templated":true}]}}