{"id":7358,"date":"2023-04-14T23:35:26","date_gmt":"2023-04-15T04:35:26","guid":{"rendered":"http:\/\/143.244.186.92\/?page_id=7358"},"modified":"2025-01-08T14:51:20","modified_gmt":"2025-01-08T19:51:20","slug":"comite-provincial-de-san-roman","status":"publish","type":"page","link":"https:\/\/cippuno.org.pe\/web\/comite-provincial-de-san-roman\/","title":{"rendered":"Comit\u00e9 Provincial de San Rom\u00e1n"},"content":{"rendered":"\t\t<div data-elementor-type=\"wp-page\" data-elementor-id=\"7358\" class=\"elementor elementor-7358\">\n\t\t\t\t\t\t\t\t\t<section data-particle_enable=\"false\" data-particle-mobile-disabled=\"false\" class=\"elementor-section elementor-top-section elementor-element elementor-element-f03612e elementor-section-full_width elementor-section-height-default elementor-section-height-default\" data-id=\"f03612e\" data-element_type=\"section\" data-settings=\"{&quot;background_background&quot;:&quot;classic&quot;,&quot;ekit_has_onepagescroll_dot&quot;:&quot;yes&quot;}\">\n\t\t\t\t\t\t<div class=\"elementor-container elementor-column-gap-no\">\n\t\t\t\t\t<div class=\"elementor-column elementor-col-100 elementor-top-column elementor-element elementor-element-dd761fb\" data-id=\"dd761fb\" data-element_type=\"column\">\n\t\t\t<div class=\"elementor-widget-wrap elementor-element-populated\">\n\t\t\t\t\t\t\t\t<div class=\"elementor-element elementor-element-dad2f7d elementor--h-position-center elementor--v-position-middle elementor-widget elementor-widget-slides\" data-id=\"dad2f7d\" data-element_type=\"widget\" data-settings=\"{&quot;navigation&quot;:&quot;none&quot;,&quot;autoplay&quot;:&quot;yes&quot;,&quot;autoplay_speed&quot;:5000,&quot;transition&quot;:&quot;slide&quot;,&quot;transition_speed&quot;:500,&quot;ekit_we_effect_on&quot;:&quot;none&quot;}\" data-widget_type=\"slides.default\">\n\t\t\t\t<div class=\"elementor-widget-container\">\n\t\t\t<style>\/*! elementor-pro - v3.11.4 - 07-03-2023 *\/\n.elementor-slides .swiper-slide-bg{background-size:cover;background-position:50%;background-repeat:no-repeat;min-width:100%;min-height:100%}.elementor-slides .swiper-slide-inner{background-repeat:no-repeat;background-position:50%;position:absolute;top:0;left:0;bottom:0;right:0;padding:50px;margin:auto}.elementor-slides .swiper-slide-inner,.elementor-slides .swiper-slide-inner:hover{color:#fff;display:flex}.elementor-slides .swiper-slide-inner .elementor-background-overlay{position:absolute;z-index:0;top:0;bottom:0;left:0;right:0}.elementor-slides .swiper-slide-inner .elementor-slide-content{position:relative;z-index:1;width:100%}.elementor-slides .swiper-slide-inner .elementor-slide-heading{font-size:35px;font-weight:700;line-height:1}.elementor-slides .swiper-slide-inner .elementor-slide-description{font-size:17px;line-height:1.4}.elementor-slides .swiper-slide-inner .elementor-slide-description:not(:last-child),.elementor-slides .swiper-slide-inner .elementor-slide-heading:not(:last-child){margin-bottom:30px}.elementor-slides .swiper-slide-inner .elementor-slide-button{border:2px solid #fff;color:#fff;background:transparent;display:inline-block}.elementor-slides .swiper-slide-inner .elementor-slide-button,.elementor-slides .swiper-slide-inner .elementor-slide-button:hover{background:transparent;color:inherit;text-decoration:none}.elementor--v-position-top .swiper-slide-inner{align-items:flex-start}.elementor--v-position-bottom .swiper-slide-inner{align-items:flex-end}.elementor--v-position-middle .swiper-slide-inner{align-items:center}.elementor--h-position-left .swiper-slide-inner{justify-content:flex-start}.elementor--h-position-right .swiper-slide-inner{justify-content:flex-end}.elementor--h-position-center .swiper-slide-inner{justify-content:center}body.rtl .elementor-widget-slides .elementor-swiper-button-next{left:10px;right:auto}body.rtl .elementor-widget-slides .elementor-swiper-button-prev{right:10px;left:auto}.elementor-slides-wrapper div:not(.swiper-slide)>.swiper-slide-inner{display:none}@media (max-width:767px){.elementor-slides .swiper-slide-inner{padding:30px}.elementor-slides .swiper-slide-inner .elementor-slide-heading{font-size:23px;line-height:1;margin-bottom:15px}.elementor-slides .swiper-slide-inner .elementor-slide-description{font-size:13px;line-height:1.4;margin-bottom:15px}}<\/style>\t\t<div class=\"elementor-swiper\">\n\t\t\t<div class=\"elementor-slides-wrapper elementor-main-swiper swiper\" dir=\"ltr\" data-animation=\"fadeInUp\">\n\t\t\t\t<div class=\"swiper-wrapper elementor-slides\">\n\t\t\t\t\t\t\t\t\t\t<div class=\"elementor-repeater-item-ceed743 swiper-slide\"><div class=\"swiper-slide-bg elementor-ken-burns elementor-ken-burns--in\"><\/div><div class=\"elementor-background-overlay\"><\/div><div class=\"swiper-slide-inner\" ><div class=\"swiper-slide-contents\"><div class=\"elementor-slide-heading\">Comit\u00e9 Provincial de San Rom\u00e1n<\/div><div class=\"elementor-slide-description\">Gesti\u00f3n 2025 - 2027<\/div><\/div><\/div><\/div>\t\t\t\t<\/div>\n\t\t\t\t\t\t\t<\/div>\n\t\t<\/div>\n\t\t\t\t<\/div>\n\t\t\t\t<\/div>\n\t\t\t\t\t<\/div>\n\t\t<\/div>\n\t\t\t\t\t\t\t<\/div>\n\t\t<\/section>\n\t\t\t\t<section data-particle_enable=\"false\" data-particle-mobile-disabled=\"false\" class=\"elementor-section elementor-top-section elementor-element elementor-element-6fc341b2 elementor-section-full_width elementor-section-height-default elementor-section-height-default\" data-id=\"6fc341b2\" data-element_type=\"section\" data-settings=\"{&quot;ekit_has_onepagescroll_dot&quot;:&quot;yes&quot;}\">\n\t\t\t\t\t\t<div class=\"elementor-container elementor-column-gap-default\">\n\t\t\t\t\t<div class=\"elementor-column elementor-col-100 elementor-top-column elementor-element elementor-element-ca963e6\" data-id=\"ca963e6\" data-element_type=\"column\">\n\t\t\t<div class=\"elementor-widget-wrap elementor-element-populated\">\n\t\t\t\t\t\t\t\t<div class=\"elementor-element elementor-element-a323d62 elementor-widget-divider--separator-type-pattern elementor-widget-divider--no-spacing elementor-widget-divider--view-line elementor-widget elementor-widget-divider\" data-id=\"a323d62\" data-element_type=\"widget\" data-settings=\"{&quot;ekit_we_effect_on&quot;:&quot;none&quot;}\" data-widget_type=\"divider.default\">\n\t\t\t\t<div class=\"elementor-widget-container\">\n\t\t\t<style>\/*! elementor - v3.11.4 - 12-03-2023 *\/\n.elementor-widget-divider{--divider-border-style:none;--divider-border-width:1px;--divider-color:#2c2c2c;--divider-icon-size:20px;--divider-element-spacing:10px;--divider-pattern-height:24px;--divider-pattern-size:20px;--divider-pattern-url:none;--divider-pattern-repeat:repeat-x}.elementor-widget-divider .elementor-divider{display:flex}.elementor-widget-divider .elementor-divider__text{font-size:15px;line-height:1;max-width:95%}.elementor-widget-divider .elementor-divider__element{margin:0 var(--divider-element-spacing);flex-shrink:0}.elementor-widget-divider .elementor-icon{font-size:var(--divider-icon-size)}.elementor-widget-divider .elementor-divider-separator{display:flex;margin:0;direction:ltr}.elementor-widget-divider--view-line_icon .elementor-divider-separator,.elementor-widget-divider--view-line_text .elementor-divider-separator{align-items:center}.elementor-widget-divider--view-line_icon .elementor-divider-separator:after,.elementor-widget-divider--view-line_icon .elementor-divider-separator:before,.elementor-widget-divider--view-line_text .elementor-divider-separator:after,.elementor-widget-divider--view-line_text .elementor-divider-separator:before{display:block;content:\"\";border-bottom:0;flex-grow:1;border-top:var(--divider-border-width) var(--divider-border-style) var(--divider-color)}.elementor-widget-divider--element-align-left .elementor-divider .elementor-divider-separator>.elementor-divider__svg:first-of-type{flex-grow:0;flex-shrink:100}.elementor-widget-divider--element-align-left .elementor-divider-separator:before{content:none}.elementor-widget-divider--element-align-left .elementor-divider__element{margin-left:0}.elementor-widget-divider--element-align-right .elementor-divider .elementor-divider-separator>.elementor-divider__svg:last-of-type{flex-grow:0;flex-shrink:100}.elementor-widget-divider--element-align-right .elementor-divider-separator:after{content:none}.elementor-widget-divider--element-align-right .elementor-divider__element{margin-right:0}.elementor-widget-divider:not(.elementor-widget-divider--view-line_text):not(.elementor-widget-divider--view-line_icon) .elementor-divider-separator{border-top:var(--divider-border-width) var(--divider-border-style) var(--divider-color)}.elementor-widget-divider--separator-type-pattern{--divider-border-style:none}.elementor-widget-divider--separator-type-pattern.elementor-widget-divider--view-line .elementor-divider-separator,.elementor-widget-divider--separator-type-pattern:not(.elementor-widget-divider--view-line) .elementor-divider-separator:after,.elementor-widget-divider--separator-type-pattern:not(.elementor-widget-divider--view-line) .elementor-divider-separator:before,.elementor-widget-divider--separator-type-pattern:not([class*=elementor-widget-divider--view]) .elementor-divider-separator{width:100%;min-height:var(--divider-pattern-height);-webkit-mask-size:var(--divider-pattern-size) 100%;mask-size:var(--divider-pattern-size) 100%;-webkit-mask-repeat:var(--divider-pattern-repeat);mask-repeat:var(--divider-pattern-repeat);background-color:var(--divider-color);-webkit-mask-image:var(--divider-pattern-url);mask-image:var(--divider-pattern-url)}.elementor-widget-divider--no-spacing{--divider-pattern-size:auto}.elementor-widget-divider--bg-round{--divider-pattern-repeat:round}.rtl .elementor-widget-divider .elementor-divider__text{direction:rtl}.e-con-inner>.elementor-widget-divider,.e-con>.elementor-widget-divider{width:var(--container-widget-width,100%);--flex-grow:var(--container-widget-flex-grow)}<\/style>\t\t<div class=\"elementor-divider\" style=\"--divider-pattern-url: url(&quot;data:image\/svg+xml,%3Csvg xmlns=&#039;http:\/\/www.w3.org\/2000\/svg&#039; preserveAspectRatio=&#039;none&#039; overflow=&#039;visible&#039; height=&#039;100%&#039; viewBox=&#039;0 0 24 24&#039; fill=&#039;black&#039; stroke=&#039;none&#039;%3E%3Cpath d=&#039;M24,8v12H0V8H24z M24,4v1H0V4H24z&#039;\/%3E%3C\/svg%3E&quot;);\">\n\t\t\t<span class=\"elementor-divider-separator\">\n\t\t\t\t\t\t<\/span>\n\t\t<\/div>\n\t\t\t\t<\/div>\n\t\t\t\t<\/div>\n\t\t\t\t\t<\/div>\n\t\t<\/div>\n\t\t\t\t\t\t\t<\/div>\n\t\t<\/section>\n\t\t\t\t<section data-particle_enable=\"false\" data-particle-mobile-disabled=\"false\" class=\"elementor-section elementor-top-section elementor-element elementor-element-d67595a elementor-section-boxed elementor-section-height-default elementor-section-height-default\" data-id=\"d67595a\" data-element_type=\"section\" data-settings=\"{&quot;background_background&quot;:&quot;classic&quot;,&quot;ekit_has_onepagescroll_dot&quot;:&quot;yes&quot;}\">\n\t\t\t\t\t\t<div class=\"elementor-container elementor-column-gap-default\">\n\t\t\t\t\t<div class=\"elementor-column elementor-col-100 elementor-top-column elementor-element elementor-element-0d53ba5\" data-id=\"0d53ba5\" data-element_type=\"column\">\n\t\t\t<div class=\"elementor-widget-wrap elementor-element-populated\">\n\t\t\t\t\t\t\t\t<section data-particle_enable=\"false\" data-particle-mobile-disabled=\"false\" class=\"elementor-section elementor-inner-section elementor-element elementor-element-cc36297 elementor-section-full_width elementor-section-height-default elementor-section-height-default\" data-id=\"cc36297\" data-element_type=\"section\" data-settings=\"{&quot;ekit_has_onepagescroll_dot&quot;:&quot;yes&quot;}\">\n\t\t\t\t\t\t<div class=\"elementor-container elementor-column-gap-default\">\n\t\t\t\t\t<div class=\"elementor-column elementor-col-33 elementor-inner-column elementor-element elementor-element-1a5776d\" data-id=\"1a5776d\" data-element_type=\"column\">\n\t\t\t<div class=\"elementor-widget-wrap\">\n\t\t\t\t\t\t\t\t\t<\/div>\n\t\t<\/div>\n\t\t\t\t<div class=\"elementor-column elementor-col-33 elementor-inner-column elementor-element elementor-element-9e35351\" data-id=\"9e35351\" data-element_type=\"column\" id=\"samuelcaceresquenta\">\n\t\t\t<div class=\"elementor-widget-wrap elementor-element-populated\">\n\t\t\t\t\t\t\t\t<div class=\"elementor-element elementor-element-b9515c6 elementor-widget elementor-widget-elementskit-team-slider\" data-id=\"b9515c6\" data-element_type=\"widget\" data-settings=\"{&quot;ekit_we_effect_on&quot;:&quot;none&quot;}\" data-widget_type=\"elementskit-team-slider.default\">\n\t\t\t\t<div class=\"elementor-widget-container\">\n\t\t\t<div class=\"ekit-wid-con\">\n        <div class=\"ekit-team-slider\">\n            <div class=\"swiper\" data-config =\"{&quot;rtl&quot;:false,&quot;arrows&quot;:false,&quot;dots&quot;:false,&quot;autoplay&quot;:false,&quot;speed&quot;:1000,&quot;slidesPerView&quot;:1,&quot;slidesPerGroup&quot;:1,&quot;spaceBetween&quot;:22,&quot;pauseOnHover&quot;:false,&quot;loop&quot;:false,&quot;breakpoints&quot;:{&quot;360&quot;:{&quot;slidesPerView&quot;:1,&quot;slidesPerGroup&quot;:1},&quot;767&quot;:{&quot;slidesPerView&quot;:1,&quot;slidesPerGroup&quot;:1},&quot;1024&quot;:{&quot;slidesPerView&quot;:1,&quot;slidesPerGroup&quot;:1}}}\">\n                <div class=\"swiper-wrapper\">\n\n                    \n                            <div class=\"swiper-slide profile-card elementor-animation- text-center ekit-team-style-default\">\n                                \n                                <div class=\"profile-header ekit-team-img ekit-img-overlay ekit-team-img-block\" >\n                                    <img loading=\"lazy\" decoding=\"async\" width=\"800\" height=\"800\" src=\"https:\/\/cippuno.org.pe\/web\/wp-content\/uploads\/2023\/04\/sirva-al-avatar-del-perfil-de-la-persona-usuario-vector-icono-en-pictograma-plano-glyph-color-117610372.jpg\" class=\"attachment-full size-full wp-image-7029\" alt=\"\" srcset=\"https:\/\/cippuno.org.pe\/web\/wp-content\/uploads\/2023\/04\/sirva-al-avatar-del-perfil-de-la-persona-usuario-vector-icono-en-pictograma-plano-glyph-color-117610372.jpg 800w, https:\/\/cippuno.org.pe\/web\/wp-content\/uploads\/2023\/04\/sirva-al-avatar-del-perfil-de-la-persona-usuario-vector-icono-en-pictograma-plano-glyph-color-117610372-300x300.jpg 300w, https:\/\/cippuno.org.pe\/web\/wp-content\/uploads\/2023\/04\/sirva-al-avatar-del-perfil-de-la-persona-usuario-vector-icono-en-pictograma-plano-glyph-color-117610372-150x150.jpg 150w, https:\/\/cippuno.org.pe\/web\/wp-content\/uploads\/2023\/04\/sirva-al-avatar-del-perfil-de-la-persona-usuario-vector-icono-en-pictograma-plano-glyph-color-117610372-768x768.jpg 768w\" sizes=\"auto, (max-width: 800px) 100vw, 800px\" \/>                                <\/div>\n\n                                                \n                                <div class=\"profile-body  \">\n    <h2 class=\"profile-title\">\n                        Ing.            <\/h2>\n    <p class=\"profile-designation\"> \n        Presidente - Codigo CIP     <\/p>\n\n    \n        \n    <\/div>\n                                                            <\/div>\n\n                                                        \n                                                    \n                                    <\/div>\n            <\/div>\n\n            \n            \t\n        <\/div>\n\t\t<\/div>\t\t<\/div>\n\t\t\t\t<\/div>\n\t\t\t\t\t<\/div>\n\t\t<\/div>\n\t\t\t\t<div class=\"elementor-column elementor-col-33 elementor-inner-column elementor-element elementor-element-426f9ab\" data-id=\"426f9ab\" data-element_type=\"column\">\n\t\t\t<div class=\"elementor-widget-wrap\">\n\t\t\t\t\t\t\t\t\t<\/div>\n\t\t<\/div>\n\t\t\t\t\t\t\t<\/div>\n\t\t<\/section>\n\t\t\t\t<section data-particle_enable=\"false\" data-particle-mobile-disabled=\"false\" class=\"elementor-section elementor-inner-section elementor-element elementor-element-f400564 elementor-section-full_width elementor-section-height-default elementor-section-height-default\" data-id=\"f400564\" data-element_type=\"section\" data-settings=\"{&quot;ekit_has_onepagescroll_dot&quot;:&quot;yes&quot;}\">\n\t\t\t\t\t\t<div class=\"elementor-container elementor-column-gap-default\">\n\t\t\t\t\t<div class=\"elementor-column elementor-col-33 elementor-inner-column elementor-element elementor-element-3ba233c\" data-id=\"3ba233c\" data-element_type=\"column\">\n\t\t\t<div class=\"elementor-widget-wrap elementor-element-populated\">\n\t\t\t\t\t\t\t\t<div class=\"elementor-element elementor-element-7565af4 elementor-widget elementor-widget-elementskit-team-slider\" data-id=\"7565af4\" data-element_type=\"widget\" id=\"salvadorvaldiviacardenas\" data-settings=\"{&quot;ekit_we_effect_on&quot;:&quot;none&quot;}\" data-widget_type=\"elementskit-team-slider.default\">\n\t\t\t\t<div class=\"elementor-widget-container\">\n\t\t\t<div class=\"ekit-wid-con\">\n        <div class=\"ekit-team-slider\">\n            <div class=\"swiper\" data-config =\"{&quot;rtl&quot;:false,&quot;arrows&quot;:false,&quot;dots&quot;:false,&quot;autoplay&quot;:false,&quot;speed&quot;:1000,&quot;slidesPerView&quot;:1,&quot;slidesPerGroup&quot;:1,&quot;spaceBetween&quot;:22,&quot;pauseOnHover&quot;:false,&quot;loop&quot;:false,&quot;breakpoints&quot;:{&quot;360&quot;:{&quot;slidesPerView&quot;:1,&quot;slidesPerGroup&quot;:1},&quot;767&quot;:{&quot;slidesPerView&quot;:1,&quot;slidesPerGroup&quot;:1},&quot;1024&quot;:{&quot;slidesPerView&quot;:1,&quot;slidesPerGroup&quot;:1}}}\">\n                <div class=\"swiper-wrapper\">\n\n                    \n                            <div class=\"swiper-slide profile-card elementor-animation- text-center ekit-team-style-default\">\n                                \n                                <div class=\"profile-header ekit-team-img ekit-img-overlay ekit-team-img-block\" >\n                                    <img loading=\"lazy\" decoding=\"async\" width=\"800\" height=\"800\" src=\"https:\/\/cippuno.org.pe\/web\/wp-content\/uploads\/2023\/04\/sirva-al-avatar-del-perfil-de-la-persona-usuario-vector-icono-en-pictograma-plano-glyph-color-117610372.jpg\" class=\"attachment-full size-full wp-image-7029\" alt=\"\" srcset=\"https:\/\/cippuno.org.pe\/web\/wp-content\/uploads\/2023\/04\/sirva-al-avatar-del-perfil-de-la-persona-usuario-vector-icono-en-pictograma-plano-glyph-color-117610372.jpg 800w, https:\/\/cippuno.org.pe\/web\/wp-content\/uploads\/2023\/04\/sirva-al-avatar-del-perfil-de-la-persona-usuario-vector-icono-en-pictograma-plano-glyph-color-117610372-300x300.jpg 300w, https:\/\/cippuno.org.pe\/web\/wp-content\/uploads\/2023\/04\/sirva-al-avatar-del-perfil-de-la-persona-usuario-vector-icono-en-pictograma-plano-glyph-color-117610372-150x150.jpg 150w, https:\/\/cippuno.org.pe\/web\/wp-content\/uploads\/2023\/04\/sirva-al-avatar-del-perfil-de-la-persona-usuario-vector-icono-en-pictograma-plano-glyph-color-117610372-768x768.jpg 768w\" sizes=\"auto, (max-width: 800px) 100vw, 800px\" \/>                                <\/div>\n\n                                                \n                                <div class=\"profile-body  \">\n    <h2 class=\"profile-title\">\n                        Ing.             <\/h2>\n    <p class=\"profile-designation\"> \n        Secretario    <\/p>\n\n    \n        \n    <\/div>\n                                                            <\/div>\n\n                                                        \n                                                    \n                                    <\/div>\n            <\/div>\n\n            \n            \t\n        <\/div>\n\t\t<\/div>\t\t<\/div>\n\t\t\t\t<\/div>\n\t\t\t\t\t<\/div>\n\t\t<\/div>\n\t\t\t\t<div class=\"elementor-column elementor-col-33 elementor-inner-column elementor-element elementor-element-ea890a4 elementor-hidden-mobile\" data-id=\"ea890a4\" data-element_type=\"column\">\n\t\t\t<div class=\"elementor-widget-wrap\">\n\t\t\t\t\t\t\t\t\t<\/div>\n\t\t<\/div>\n\t\t\t\t<div class=\"elementor-column elementor-col-33 elementor-inner-column elementor-element elementor-element-f0db766\" data-id=\"f0db766\" data-element_type=\"column\" id=\"juancarlospintolarico\">\n\t\t\t<div class=\"elementor-widget-wrap elementor-element-populated\">\n\t\t\t\t\t\t\t\t<div class=\"elementor-element elementor-element-0e8ebb4 elementor-widget elementor-widget-elementskit-team-slider\" data-id=\"0e8ebb4\" data-element_type=\"widget\" data-settings=\"{&quot;ekit_we_effect_on&quot;:&quot;none&quot;}\" data-widget_type=\"elementskit-team-slider.default\">\n\t\t\t\t<div class=\"elementor-widget-container\">\n\t\t\t<div class=\"ekit-wid-con\">\n        <div class=\"ekit-team-slider\">\n            <div class=\"swiper\" data-config =\"{&quot;rtl&quot;:false,&quot;arrows&quot;:false,&quot;dots&quot;:false,&quot;autoplay&quot;:false,&quot;speed&quot;:1000,&quot;slidesPerView&quot;:1,&quot;slidesPerGroup&quot;:1,&quot;spaceBetween&quot;:22,&quot;pauseOnHover&quot;:false,&quot;loop&quot;:false,&quot;breakpoints&quot;:{&quot;360&quot;:{&quot;slidesPerView&quot;:1,&quot;slidesPerGroup&quot;:1},&quot;767&quot;:{&quot;slidesPerView&quot;:1,&quot;slidesPerGroup&quot;:1},&quot;1024&quot;:{&quot;slidesPerView&quot;:1,&quot;slidesPerGroup&quot;:1}}}\">\n                <div class=\"swiper-wrapper\">\n\n                    \n                            <div class=\"swiper-slide profile-card elementor-animation- text-center ekit-team-style-default\">\n                                \n                                <div class=\"profile-header ekit-team-img ekit-img-overlay ekit-team-img-block\" >\n                                    <img loading=\"lazy\" decoding=\"async\" width=\"800\" height=\"800\" src=\"https:\/\/cippuno.org.pe\/web\/wp-content\/uploads\/2023\/04\/sirva-al-avatar-del-perfil-de-la-persona-usuario-vector-icono-en-pictograma-plano-glyph-color-117610372.jpg\" class=\"attachment-full size-full wp-image-7029\" alt=\"\" srcset=\"https:\/\/cippuno.org.pe\/web\/wp-content\/uploads\/2023\/04\/sirva-al-avatar-del-perfil-de-la-persona-usuario-vector-icono-en-pictograma-plano-glyph-color-117610372.jpg 800w, https:\/\/cippuno.org.pe\/web\/wp-content\/uploads\/2023\/04\/sirva-al-avatar-del-perfil-de-la-persona-usuario-vector-icono-en-pictograma-plano-glyph-color-117610372-300x300.jpg 300w, https:\/\/cippuno.org.pe\/web\/wp-content\/uploads\/2023\/04\/sirva-al-avatar-del-perfil-de-la-persona-usuario-vector-icono-en-pictograma-plano-glyph-color-117610372-150x150.jpg 150w, https:\/\/cippuno.org.pe\/web\/wp-content\/uploads\/2023\/04\/sirva-al-avatar-del-perfil-de-la-persona-usuario-vector-icono-en-pictograma-plano-glyph-color-117610372-768x768.jpg 768w\" sizes=\"auto, (max-width: 800px) 100vw, 800px\" \/>                                <\/div>\n\n                                                \n                                <div class=\"profile-body  \">\n    <h2 class=\"profile-title\">\n                        Ing.             <\/h2>\n    <p class=\"profile-designation\"> \n        Tesorero    <\/p>\n\n    \n        \n    <\/div>\n                                                            <\/div>\n\n                                                        \n                                                    \n                                    <\/div>\n            <\/div>\n\n            \n            \t\n        <\/div>\n\t\t<\/div>\t\t<\/div>\n\t\t\t\t<\/div>\n\t\t\t\t\t<\/div>\n\t\t<\/div>\n\t\t\t\t\t\t\t<\/div>\n\t\t<\/section>\n\t\t\t\t\t<\/div>\n\t\t<\/div>\n\t\t\t\t\t\t\t<\/div>\n\t\t<\/section>\n\t\t\t\t\t\t\t<\/div>\n\t\t","protected":false},"excerpt":{"rendered":"<p>Comit\u00e9 Provincial de San Rom\u00e1nGesti\u00f3n 2025 &#8211; 2027 Ing. Presidente &#8211; Codigo CIP Ing. Secretario Ing. Tesorero<\/p>\n","protected":false},"author":1,"featured_media":0,"parent":0,"menu_order":0,"comment_status":"closed","ping_status":"closed","template":"template-homepage.php","meta":{"_uag_custom_page_level_css":"","footnotes":""},"class_list":["post-7358","page","type-page","status-publish","hentry"],"uagb_featured_image_src":{"full":false,"thumbnail":false,"medium":false,"medium_large":false,"large":false,"thumblist":false,"meccarouselthumb":false,"gridsquare":false,"tileview":false,"1536x1536":false,"2048x2048":false},"uagb_author_info":{"display_name":"admin","author_link":"https:\/\/cippuno.org.pe\/web\/author\/admin\/"},"uagb_comment_info":0,"uagb_excerpt":"Comit\u00e9 Provincial de San Rom\u00e1nGesti\u00f3n 2025 &#8211; 2027 Ing. Presidente &#8211; Codigo CIP Ing. Secretario Ing. Tesorero","meta_box":{"body_padding_enable":"0","padding_for_body":"","padding_for_body_mb":"","page_header_padding_enable":"0","padding_for_page_header":"","padding_for_page_header_mb":"","custom_header":"0","header_settings_meta":"","custom_sticky_enable":"0","custom_sticky_header":"0","header_sticky_settings_meta":"","custom_footer":"0","footer_settings_meta":"","custom_footer_sticky":"0","custom_layout":"0","layout":"","preloader_custom_enable":"0","preloader_bgcolor":"","preloader_image":[],"page_header_enable_disable":"0","page_header_title":"","page_header_bgcolor":"","page_header_bgimage":[],"text_color_blog":""},"_links":{"self":[{"href":"https:\/\/cippuno.org.pe\/web\/wp-json\/wp\/v2\/pages\/7358","targetHints":{"allow":["GET"]}}],"collection":[{"href":"https:\/\/cippuno.org.pe\/web\/wp-json\/wp\/v2\/pages"}],"about":[{"href":"https:\/\/cippuno.org.pe\/web\/wp-json\/wp\/v2\/types\/page"}],"author":[{"embeddable":true,"href":"https:\/\/cippuno.org.pe\/web\/wp-json\/wp\/v2\/users\/1"}],"replies":[{"embeddable":true,"href":"https:\/\/cippuno.org.pe\/web\/wp-json\/wp\/v2\/comments?post=7358"}],"version-history":[{"count":158,"href":"https:\/\/cippuno.org.pe\/web\/wp-json\/wp\/v2\/pages\/7358\/revisions"}],"predecessor-version":[{"id":11838,"href":"https:\/\/cippuno.org.pe\/web\/wp-json\/wp\/v2\/pages\/7358\/revisions\/11838"}],"wp:attachment":[{"href":"https:\/\/cippuno.org.pe\/web\/wp-json\/wp\/v2\/media?parent=7358"}],"curies":[{"name":"wp","href":"https:\/\/api.w.org\/{rel}","templated":true}]}}